{"id":675,"date":"2024-05-23T13:04:36","date_gmt":"2024-05-23T11:04:36","guid":{"rendered":"https:\/\/new.raboliere.com\/home\/"},"modified":"2025-09-12T19:58:46","modified_gmt":"2025-09-12T17:58:46","slug":"home","status":"publish","type":"page","link":"https:\/\/www.raboliere.com\/en\/","title":{"rendered":"Home"},"content":{"rendered":"<p>[et_pb_section fb_built=&#8221;1&#8243; fullwidth=&#8221;on&#8221; _builder_version=&#8221;4.25.1&#8243; _module_preset=&#8221;default&#8221; global_colors_info=&#8221;{}&#8221;][et_pb_fullwidth_header title=&#8221;An exceptional hunting estate in the heart of Burgundy&#8221; subhead=&#8221;For more than 20 years, La Raboli\u00e8re has been offering traditional, demanding hunts that combine challenge and family conviviality in the rolling Morvan countryside.&#8221; text_orientation=&#8221;center&#8221; header_fullscreen=&#8221;on&#8221; header_scroll_down=&#8221;on&#8221; scroll_down_icon=&#8221;%%0%%&#8221; scroll_down_icon_color=&#8221;#FFFFFF&#8221; scroll_down_icon_size=&#8221;58px&#8221; content_max_width_last_edited=&#8221;off|phone&#8221; admin_label=&#8221;Un domaine de chasse d\u2019exception au c\u0153ur de la Bourgogne&#8221; _builder_version=&#8221;4.27.4&#8243; _module_preset=&#8221;default&#8221; title_font=&#8221;|700|||||||&#8221; title_font_size=&#8221;50px&#8221; title_line_height=&#8221;1.3em&#8221; content_font=&#8221;|600|||||||&#8221; subhead_font=&#8221;|600|||||||&#8221; subhead_font_size=&#8221;20px&#8221; subhead_line_height=&#8221;1.5em&#8221; background_enable_color=&#8221;off&#8221; use_background_color_gradient=&#8221;on&#8221; background_color_gradient_stops=&#8221;rgba(0,0,0,0.5) 0%|rgba(0, 0, 0, 0.22) 9%|rgba(0,0,0,0.1) 97%&#8221; background_color_gradient_overlays_image=&#8221;on&#8221; background_image=&#8221;https:\/\/www.raboliere.com\/wp-content\/uploads\/2025\/09\/territoire-chasse-petit-gibier-bourgogne.jpg&#8221; height_tablet=&#8221;&#8221; height_phone=&#8221;&#8221; height_last_edited=&#8221;on|phone&#8221; custom_margin=&#8221;-15px||||false|false&#8221; hover_enabled=&#8221;0&#8243; title_font_size_tablet=&#8221;50px&#8221; title_font_size_phone=&#8221;30px&#8221; title_font_size_last_edited=&#8221;on|phone&#8221; subhead_font_size_tablet=&#8221;20px&#8221; subhead_font_size_phone=&#8221;15px&#8221; subhead_font_size_last_edited=&#8221;on|tablet&#8221; background_last_edited=&#8221;on|phone&#8221; background_image_phone=&#8221;https:\/\/www.raboliere.com\/wp-content\/uploads\/2024\/11\/chasse-petit-gibier-mobile-1.jpg&#8221; background_enable_image_phone=&#8221;on&#8221; custom_css_title=&#8221;text-align: center;||width: 850px;&#8221; custom_css_subtitle=&#8221;width: 780px;||margin: 0 auto;&#8221; global_colors_info=&#8221;{}&#8221; custom_css_subtitle_last_edited=&#8221;on|phone&#8221; custom_css_subtitle_phone=&#8221;width: 100%;||margin: 0 auto;&#8221; custom_css_subtitle_tablet=&#8221;text-align: center;&#8221; custom_css_title_last_edited=&#8221;on|tablet&#8221; custom_css_title_tablet=&#8221;text-align: center;||width: 100%;||margin: 0 auto;&#8221; custom_css_title_phone=&#8221;text-align: center;||width: 100%;||margin: 0 auto;&#8221; sticky_enabled=&#8221;0&#8243; alt=&#8221;Domaine de chasse au petit Gibier en Bourgogne &#8211; La Raboli\u00e8re&#8221; title_text=&#8221;territoire-chasse-petit-gibier-bourgogne&#8221;][\/et_pb_fullwidth_header][\/et_pb_section][et_pb_section fb_built=&#8221;1&#8243; custom_padding_last_edited=&#8221;on|phone&#8221; _builder_version=&#8221;4.25.1&#8243; _module_preset=&#8221;default&#8221; custom_padding=&#8221;100px||100px||true|false&#8221; custom_padding_tablet=&#8221;0px||0px||true|false&#8221; custom_padding_phone=&#8221;0px||0px||true|false&#8221; global_colors_info=&#8221;{}&#8221;][et_pb_row column_structure=&#8221;2_3,1_3&#8243; use_custom_gutter=&#8221;on&#8221; gutter_width=&#8221;1&#8243; make_equal=&#8221;on&#8221; module_class=&#8221;inverse&#8221; _builder_version=&#8221;4.25.1&#8243; _module_preset=&#8221;default&#8221; global_colors_info=&#8221;{}&#8221;][et_pb_column type=&#8221;2_3&#8243; _builder_version=&#8221;4.25.1&#8243; _module_preset=&#8221;default&#8221; global_colors_info=&#8221;{}&#8221;][et_pb_image src=&#8221;https:\/\/www.raboliere.com\/wp-content\/uploads\/2024\/05\/maiziere-raboliere.jpg&#8221; title_text=&#8221;maiziere-raboliere&#8221; _builder_version=&#8221;4.27.4&#8243; _module_preset=&#8221;default&#8221; custom_padding_tablet=&#8221;60px||||false|false&#8221; custom_padding_phone=&#8221;60px||0px||false|false&#8221; custom_padding_last_edited=&#8221;on|tablet&#8221; hover_enabled=&#8221;0&#8243; global_colors_info=&#8221;{}&#8221; alt=&#8221;Hunting estate in Burgundy at Laizy&#8221; sticky_enabled=&#8221;0&#8243;][\/et_pb_image][\/et_pb_column][et_pb_column type=&#8221;1_3&#8243; _builder_version=&#8221;4.25.1&#8243; _module_preset=&#8221;default&#8221; custom_css_main_element=&#8221;margin:auto;&#8221; global_colors_info=&#8221;{}&#8221;][et_pb_text admin_label=&#8221;Notre domaine&#8221; _builder_version=&#8221;4.27.4&#8243; _module_preset=&#8221;default&#8221; header_2_font_size=&#8221;50px&#8221; header_2_font_size_tablet=&#8221;50px&#8221; header_2_font_size_phone=&#8221;30px&#8221; header_2_font_size_last_edited=&#8221;on|phone&#8221; global_colors_info=&#8221;{}&#8221;]<\/p>\n<h2>Our domain<\/h2>\n<p>[\/et_pb_text][et_pb_text admin_label=&#8221;Au c\u0153ur du domaine, vous \u00eates re\u00e7us dans la demeure familiale&#8221; _builder_version=&#8221;4.27.4&#8243; _module_preset=&#8221;default&#8221; text_orientation=&#8221;justified&#8221; global_colors_info=&#8221;{}&#8221;]<\/p>\n<p>At the heart of the estate, you&#8217;ll be welcomed into the family home, a vast 19th-century hunting lodge. The comforts are simple, but between the walls lined with souvenirs, there&#8217;s that little taste of &#8220;je ne sais quoi&#8221; so appreciated by country gentlemen.<\/p>\n<p>[\/et_pb_text][\/et_pb_column][\/et_pb_row][\/et_pb_section][et_pb_section fb_built=&#8221;1&#8243; _builder_version=&#8221;4.27.3&#8243; _module_preset=&#8221;default&#8221; background_color=&#8221;rgba(222,208,146,0.74)&#8221; global_colors_info=&#8221;{}&#8221;][et_pb_row _builder_version=&#8221;4.25.1&#8243; _module_preset=&#8221;default&#8221; global_colors_info=&#8221;{}&#8221;][et_pb_column type=&#8221;4_4&#8243; _builder_version=&#8221;4.25.1&#8243; _module_preset=&#8221;default&#8221; global_colors_info=&#8221;{}&#8221;][et_pb_text admin_label=&#8221;Nos journ\u00e9es de chasse en Bourgogne&#8221; _builder_version=&#8221;4.27.4&#8243; _module_preset=&#8221;default&#8221; header_2_font_size=&#8221;50px&#8221; text_orientation=&#8221;center&#8221; header_2_font_size_tablet=&#8221;50px&#8221; header_2_font_size_phone=&#8221;30px&#8221; header_2_font_size_last_edited=&#8221;on|phone&#8221; global_colors_info=&#8221;{}&#8221;]<\/p>\n<h2>Our hunting days in Burgundy<\/h2>\n<p>[\/et_pb_text][et_pb_text admin_label=&#8221;Les chasseurs Fran\u00e7ais ont su d\u00e9veloppe&#8221; _builder_version=&#8221;4.27.4&#8243; _module_preset=&#8221;default&#8221; text_orientation=&#8221;center&#8221; global_colors_info=&#8221;{}&#8221; custom_css_main_element_last_edited=&#8221;on|tablet&#8221; custom_css_main_element_phone=&#8221;width: 100%;||margin: 0 auto;&#8221; custom_css_main_element_tablet=&#8221;width: 100%;||margin: 0 auto;&#8221;]<\/p>\n<p>Over the centuries, French hunters have developed and maintained an incredible diversity of hunting practices.<\/p>\n<p>[\/et_pb_text][\/et_pb_column][\/et_pb_row][et_pb_row _builder_version=&#8221;4.25.1&#8243; _module_preset=&#8221;default&#8221; global_colors_info=&#8221;{}&#8221;][et_pb_column type=&#8221;4_4&#8243; _builder_version=&#8221;4.25.1&#8243; _module_preset=&#8221;default&#8221; global_colors_info=&#8221;{}&#8221;][dipi_filterable_grid select_post_type=&#8221;project&#8221; select_custom_tax=&#8221;project_category&#8221; include_term_ids_of_project_category=&#8221;7,6,5&#8243; filter_tab_alignment=&#8221;center&#8221; all_filter_label=&#8221;Our hunts&#8221; grid_layout=&#8221;grid&#8221; columns=&#8221;3&#8243; show_post_title=&#8221;on&#8221; show_post_excerpt=&#8221;on&#8221; read_more=&#8221;on&#8221; read_more_text=&#8221;Read more&#8221; use_post_link=&#8221;on&#8221; post_link_target=&#8221;_self&#8221; use_overlay=&#8221;off&#8221; filter_bar_item_background_color=&#8221;RGBA(255,255,255,0)&#8221; columns_tablet=&#8221;3&#8243; columns_phone=&#8221;1&#8243; columns_last_edited=&#8221;on|phone&#8221; admin_label=&#8221;Grille Chasses&#8221; _builder_version=&#8221;4.27.4&#8243; _module_preset=&#8221;default&#8221; header_1_font_size=&#8221;35px&#8221; grid_item_title_level=&#8221;h3&#8243; custom_css_filter_bar=&#8221;display: none;&#8221; global_colors_info=&#8221;{}&#8221;][\/dipi_filterable_grid][\/et_pb_column][\/et_pb_row][\/et_pb_section][et_pb_section fb_built=&#8221;1&#8243; _builder_version=&#8221;4.25.1&#8243; _module_preset=&#8221;default&#8221; global_colors_info=&#8221;{}&#8221;][et_pb_row _builder_version=&#8221;4.27.0&#8243; _module_preset=&#8221;default&#8221; global_colors_info=&#8221;{}&#8221;][et_pb_column type=&#8221;4_4&#8243; _builder_version=&#8221;4.25.1&#8243; _module_preset=&#8221;default&#8221; global_colors_info=&#8221;{}&#8221;][et_pb_text admin_label=&#8221;Le petit gibier pr\u00e9sent sur notre domaine&#8221; _builder_version=&#8221;4.27.4&#8243; _module_preset=&#8221;default&#8221; header_2_font_size=&#8221;30px&#8221; header_2_line_height=&#8221;1.3em&#8221; text_orientation=&#8221;center&#8221; global_colors_info=&#8221;{}&#8221;]<\/p>\n<h2>Small game on our estate<\/h2>\n<p>[\/et_pb_text][et_pb_text admin_label=&#8221;M\u00eame si vous croisez li\u00e8vres, chevreuils&#8221; _builder_version=&#8221;4.27.4&#8243; _module_preset=&#8221;default&#8221; text_orientation=&#8221;center&#8221; custom_css_main_element=&#8221;width: 400px;||margin: 0 auto;&#8221; global_colors_info=&#8221;{}&#8221; custom_css_main_element_last_edited=&#8221;on|phone&#8221; custom_css_main_element_phone=&#8221;width: 100%;||margin: 0 auto;&#8221; custom_css_main_element_tablet=&#8221;width: 400px;||margin: 0 auto;&#8221;]<\/p>\n<p>Even if you come across hares, roe deer or wild boar, we only hunt feathers.<\/p>\n<p>[\/et_pb_text][dipi_masonry_gallery gallery_ids=&#8221;405,404,44,40,41&#8243; show_lightbox=&#8221;off&#8221; columns=&#8221;5&#8243; gutter=&#8221;20&#8243; overlay_padding=&#8221;30px||||false|false&#8221; columns_tablet=&#8221;5&#8243; columns_phone=&#8221;3&#8243; columns_last_edited=&#8221;on|phone&#8221; gutter_tablet=&#8221;30&#8243; gutter_phone=&#8221;30&#8243; gutter_last_edited=&#8221;on|tablet&#8221; admin_label=&#8221;Images gibier&#8221; _builder_version=&#8221;4.27.4&#8243; _module_preset=&#8221;default&#8221; border_radii_grid_item=&#8221;on|100px|100px|100px|100px&#8221; global_colors_info=&#8221;{}&#8221;][\/dipi_masonry_gallery][\/et_pb_column][\/et_pb_row][\/et_pb_section][et_pb_section fb_built=&#8221;1&#8243; _builder_version=&#8221;4.27.3&#8243; _module_preset=&#8221;default&#8221; background_color=&#8221;rgba(222,208,146,0.74)&#8221; background_enable_image=&#8221;off&#8221; global_colors_info=&#8221;{}&#8221;][et_pb_row _builder_version=&#8221;4.25.1&#8243; _module_preset=&#8221;default&#8221; global_colors_info=&#8221;{}&#8221;][et_pb_column type=&#8221;4_4&#8243; _builder_version=&#8221;4.25.1&#8243; _module_preset=&#8221;default&#8221; global_colors_info=&#8221;{}&#8221;][et_pb_text admin_label=&#8221;T\u00e9moignages&#8221; _builder_version=&#8221;4.27.4&#8243; _module_preset=&#8221;default&#8221; header_2_font_size=&#8221;50px&#8221; text_orientation=&#8221;center&#8221; global_colors_info=&#8221;{}&#8221;]<\/p>\n<h2>Testimonials<\/h2>\n<p>[\/et_pb_text][dipi_testimonial total_testimonial=&#8221;3&#8243; use_hide_readmore=&#8221;on&#8221; use_hide_company=&#8221;on&#8221; use_hide_company_link=&#8221;on&#8221; use_hide_name=&#8221;on&#8221; review_length=&#8221;50&#8243; use_show_popup_company=&#8221;off&#8221; use_show_popup_name=&#8221;off&#8221; rating_color=&#8221;#432f20&#8243; empty_rating_color=&#8221;#FFFFFF&#8221; columns=&#8221;3&#8243; navigation=&#8221;on&#8221; columns_tablet=&#8221;1&#8243; columns_phone=&#8221;1&#8243; columns_last_edited=&#8221;on|phone&#8221; admin_label=&#8221;Carrousel t\u00e9moignage&#8221; _builder_version=&#8221;4.27.4&#8243; _module_preset=&#8221;default&#8221; testimonial_text_font=&#8221;||||||||&#8221; testimonial_text_font_size=&#8221;18px&#8221; global_colors_info=&#8221;{}&#8221;][\/dipi_testimonial][\/et_pb_column][\/et_pb_row][\/et_pb_section][et_pb_section fb_built=&#8221;1&#8243; _builder_version=&#8221;4.27.0&#8243; _module_preset=&#8221;default&#8221; global_colors_info=&#8221;{}&#8221;][et_pb_row _builder_version=&#8221;4.27.0&#8243; _module_preset=&#8221;default&#8221; global_colors_info=&#8221;{}&#8221;][et_pb_column type=&#8221;4_4&#8243; _builder_version=&#8221;4.27.0&#8243; _module_preset=&#8221;default&#8221; global_colors_info=&#8221;{}&#8221;][et_pb_text admin_label=&#8221;Nos partenaires&#8221; _builder_version=&#8221;4.27.4&#8243; _module_preset=&#8221;default&#8221; header_2_font_size=&#8221;30px&#8221; header_2_line_height=&#8221;1.3em&#8221; text_orientation=&#8221;center&#8221; global_colors_info=&#8221;{}&#8221;]<\/p>\n<h2>Our partners<\/h2>\n<p>[\/et_pb_text][dipi_masonry_gallery gallery_ids=&#8221;373,372,766&#8243; use_media_link=&#8221;on&#8221; columns=&#8221;3&#8243; gutter=&#8221;30&#8243; columns_tablet=&#8221;3&#8243; columns_phone=&#8221;1&#8243; columns_last_edited=&#8221;on|desktop&#8221; admin_label=&#8221;Images nos partenaires&#8221; _builder_version=&#8221;4.27.4&#8243; _module_preset=&#8221;default&#8221; global_colors_info=&#8221;{}&#8221;][\/dipi_masonry_gallery][\/et_pb_column][\/et_pb_row][\/et_pb_section]<\/p>\n","protected":false},"excerpt":{"rendered":"<p>Our domainAt the heart of the estate, you&#8217;ll be welcomed into the family home, a vast 19th-century hunting lodge. The comforts are simple, but between the walls lined with souvenirs, there&#8217;s that little taste of &#8220;je ne sais quoi&#8221; so appreciated by country gentlemen.Our hunting days in BurgundyOver the centuries, French hunters have developed and [&hellip;]<\/p>\n","protected":false},"author":1,"featured_media":0,"parent":0,"menu_order":0,"comment_status":"closed","ping_status":"closed","template":"","meta":{"_et_pb_use_builder":"on","_et_pb_old_content":"","_et_gb_content_width":"","footnotes":""},"dipi_cpt_category":[],"class_list":["post-675","page","type-page","status-publish","hentry"],"_links":{"self":[{"href":"https:\/\/www.raboliere.com\/en\/wp-json\/wp\/v2\/pages\/675","targetHints":{"allow":["GET"]}}],"collection":[{"href":"https:\/\/www.raboliere.com\/en\/wp-json\/wp\/v2\/pages"}],"about":[{"href":"https:\/\/www.raboliere.com\/en\/wp-json\/wp\/v2\/types\/page"}],"author":[{"embeddable":true,"href":"https:\/\/www.raboliere.com\/en\/wp-json\/wp\/v2\/users\/1"}],"replies":[{"embeddable":true,"href":"https:\/\/www.raboliere.com\/en\/wp-json\/wp\/v2\/comments?post=675"}],"version-history":[{"count":7,"href":"https:\/\/www.raboliere.com\/en\/wp-json\/wp\/v2\/pages\/675\/revisions"}],"predecessor-version":[{"id":915,"href":"https:\/\/www.raboliere.com\/en\/wp-json\/wp\/v2\/pages\/675\/revisions\/915"}],"wp:attachment":[{"href":"https:\/\/www.raboliere.com\/en\/wp-json\/wp\/v2\/media?parent=675"}],"wp:term":[{"taxonomy":"dipi_cpt_category","embeddable":true,"href":"https:\/\/www.raboliere.com\/en\/wp-json\/wp\/v2\/dipi_cpt_category?post=675"}],"curies":[{"name":"wp","href":"https:\/\/api.w.org\/{rel}","templated":true}]}}